{"id":107,"date":"2023-06-20T08:56:23","date_gmt":"2023-06-20T08:56:23","guid":{"rendered":"https:\/\/landingpage.wecheer.io\/bat-glo-club\/?page_id=107"},"modified":"2025-01-16T02:55:28","modified_gmt":"2025-01-16T02:55:28","slug":"terms-and-conditions-de","status":"publish","type":"page","link":"https:\/\/landingpage.wecheer.io\/ch-batclub\/de\/terms-and-conditions-de\/","title":{"rendered":"Terms and conditions de"},"content":{"rendered":"\r\n<h2 class=\"wp-block-heading has-text-align-center\"><strong>Allgemeine Gesch\u00e4fts- und Teilnahmebedingungen<\/strong><\/h2>\r\n<ol>\r\n<li><span style=\"font-weight: 400;\"> Geltungsbereich<\/span><\/li>\r\n<\/ol>\r\n<p><span style=\"font-weight: 400;\">Diese Allgemeinen Gesch\u00e4fts- und Teilnahmebedingungen gelten f\u00fcr die Benutzung des <\/span><i><span style=\"font-weight: 400;\">BAT<\/span><\/i> <i><span style=\"font-weight: 400;\">Club <\/span><\/i><span style=\"font-weight: 400;\">Loyalty Program. Mit Ihrer Registrierung und Teilnahme am <\/span><i><span style=\"font-weight: 400;\">BAT<\/span><\/i> <i><span style=\"font-weight: 400;\">Club <\/span><\/i><span style=\"font-weight: 400;\">Loyalty Program akzeptieren Sie diese Allgemeinen Gesch\u00e4ftsbedingungen. Wir behalten uns das Recht vor, diese Allgemeinen Gesch\u00e4fts- und Teilnahmebedingungen jederzeit zu erg\u00e4nzen und abzu\u00e4ndern. Zur Anwendung kommen diejenigen Allgemeinen Gesch\u00e4ftsbedingungen, die zum Zeitpunkt Ihres Besuchs und Ihrer Benutzung des <\/span><i><span style=\"font-weight: 400;\">BAT<\/span><\/i> <i><span style=\"font-weight: 400;\">Club <\/span><\/i><span style=\"font-weight: 400;\">Loyalty Programs gelten. Sie sind daf\u00fcr verantwortlich, die Allgemeinen Gesch\u00e4fts- und Teilnahmebedingungen regelm\u00e4ssig auf \u00c4nderungen zu \u00fcberpr\u00fcfen.<\/span><\/p>\r\n<p><span style=\"font-weight: 400;\">Die Mitarbeitenden der British American Tobacco Switzerland AG (\u00ab BAT \u00bb) sowie deren Familienmitglieder, die Dienstleister von BAT, die Mitarbeitenden von BAT Vending und von s\u00e4mtlichen der Unternehmensgruppe BAT in der Schweiz und weltweit angeschlossenen Tochterunternehmen sind von der Teilnahme am <\/span><i><span style=\"font-weight: 400;\">BAT<\/span><\/i> <i><span style=\"font-weight: 400;\">Club <\/span><\/i><span style=\"font-weight: 400;\">Loyalty Program ausgeschlossen.<\/span><\/p>\r\n<p><span style=\"font-weight: 400;\">F\u00fcr den Fall inhaltlicher Diskrepanzen zwischen der deutschen, franz\u00f6sischen oder englischen Version dieser Allgemeinen Gesch\u00e4ftsbedingungen gilt die franz\u00f6sische Version.\u00a0<\/span><\/p>\r\n<ol start=\"2\">\r\n<li><span style=\"font-weight: 400;\"> Zugang und Teilnahme<\/span><\/li>\r\n<\/ol>\r\n<p><span style=\"font-weight: 400;\">Die Teilnahme am <\/span><i><span style=\"font-weight: 400;\">BAT<\/span><\/i> <i><span style=\"font-weight: 400;\">Club <\/span><\/i><span style=\"font-weight: 400;\">Loyalty Program ist kostenlos und mit keinerlei Kaufverpflichtung verbunden.<\/span><\/p>\r\n<p><span style=\"font-weight: 400;\">Das <\/span><i><span style=\"font-weight: 400;\">BAT<\/span><\/i> <i><span style=\"font-weight: 400;\">Club <\/span><\/i><span style=\"font-weight: 400;\">Loyalty Program richtet sich ausschliesslich an Raucher \u00fcber 18 Jahre mit Wohnsitz in der Schweiz. Um Zugang zum <\/span><i><span style=\"font-weight: 400;\">BAT<\/span><\/i> <i><span style=\"font-weight: 400;\">Club <\/span><\/i><span style=\"font-weight: 400;\">Loyalty Program zu erhalten, m\u00fcssen Sie Ihre Identit\u00e4t, Ihr Alter und Ihren Wohnort nachweisen. Der Zugang zum <\/span><i><span style=\"font-weight: 400;\">BAT<\/span><\/i> <i><span style=\"font-weight: 400;\">Club <\/span><\/i><span style=\"font-weight: 400;\">Loyalty Program ist ausschliesslich von einem Standort in der Schweiz aus m\u00f6glich. Dar\u00fcber hinaus m\u00fcssen Sie sich anmelden und einen Benutzernamen und ein Passwort ausw\u00e4hlen, die ausschliesslich f\u00fcr die Benutzung durch Sie selbst bestimmt sind. Diese Zugangsdaten d\u00fcrfen von Ihnen nicht an Dritte weitergegeben werden.\u00a0<\/span><\/p>\r\n<p><span style=\"font-weight: 400;\">Sie sind als Benutzer dieser Website verpflichtet, zum Schutz der Geheimhaltung Ihres Benutzernamens und Passworts alle erforderlichen Massnahmen zu ergreifen. Sie sind gehalten, uns unverz\u00fcglich zu informieren, wenn Sie Anlass haben zu der Annahme, dass (i) jemand Ihren Benutzernamen oder Passwort herausgefunden haben k\u00f6nnte oder dass (ii) die Gefahr bestehen k\u00f6nnte, dass Ihr Benutzername und Ihr Passwort ohne Zustimmung verwendet werden k\u00f6nnten.<\/span><\/p>\r\n<p><span style=\"font-weight: 400;\">Wir behalten uns das Recht vor, Ihre Registrierung jederzeit und ohne Sie vorher zu informieren zu l\u00f6schen und Ihr Benutzerkonto zu schliessen, falls Sie gegen Ihre in diesen Allgemeinen Gesch\u00e4ftsbedingungen ausgef\u00fchrten Pflichten verstossen.<\/span><\/p>\r\n<p><span style=\"font-weight: 400;\">F\u00fcr jeden teilnahmeberechtigten Einkauf k\u00f6nnen Sie Punkte erhalten. Es gibt verschiedene Teilnahmestufen, wobei die Teilnahme von der Anzahl der im <\/span><i><span style=\"font-weight: 400;\">BAT<\/span><\/i> <i><span style=\"font-weight: 400;\">Club <\/span><\/i><span style=\"font-weight: 400;\">Loyalty Program gesammelten Punkte abh\u00e4ngig ist. Die Vorgaben f\u00fcr teilnahmeberechtige Eink\u00e4ufe k\u00f6nnen laufend angepasst werden. BAT beh\u00e4lt sich vor, die Teilnahmestufen sowie die Anzal Punkte, welche Sie f\u00fcr teilnahmeberechtige Eink\u00e4ufe erhalten k\u00f6nnen, ohne vorg\u00e4ngige Ank\u00fcndigung anzupassen oder abzu\u00e4ndern<\/span><\/p>\r\n<h2 class=\"wp-block-heading has-text-align-center\"><strong>\u00a0<\/strong><\/h2>\r\n<ol start=\"3\">\r\n<li><span style=\"font-weight: 400;\"> Pr\u00e4mien und Gutscheine<\/span><\/li>\r\n<\/ol>\r\n<p><span style=\"font-weight: 400;\">Die verf\u00fcgbaren Pr\u00e4mien und Gutscheine sowie die notwendige Anzahl Punkte um die Pr\u00e4mien und Gutscheine zu gewinnen, sind im <\/span><i><span style=\"font-weight: 400;\">BAT<\/span><\/i> <i><span style=\"font-weight: 400;\">Club <\/span><\/i><span style=\"font-weight: 400;\">Loyalty Program aufgef\u00fchrt. BAT beh\u00e4lt sich das Recht vor, die Pr\u00e4mien und Gutscheine sowie die notwendige Punkteanzahl anzupassen.<\/span><\/p>\r\n<p><span style=\"font-weight: 400;\">Pr\u00e4mien und Gutscheine k\u00f6nnen Gutscheine von Drittanbietern umfassen; es besteht keine Partnerschaft oder anderweitige Verbindung zwischen BAT und solchen Drittanbietern. Das Einl\u00f6sen von Gutscheinen kann den allgemeinen Gesch\u00e4ftsbedingungen des Drittanbieters unterliegen. BAT lehnt jegliche Verantwortung oder Garantie ab in Bezug auf solche Gutscheine ab.<\/span><\/p>\r\n<p><span style=\"font-weight: 400;\">Pr\u00e4mien und Gutscheine k\u00f6nnen nicht umgetauscht oder in bar ausgezahlt werden. Die Pr\u00e4mien und Gutscheine sind personenspezifisch und k\u00f6nnen nicht an Dritte weitergegeben werden.<\/span><\/p>\r\n<p><span style=\"font-weight: 400;\">BAT beh\u00e4lt sich vor, die verf\u00fcgbaren Pr\u00e4mien jederzeit und ohne Vorank\u00fcndigung zu \u00e4ndern oder anzupassen<\/span><\/p>\r\n<p><span style=\"font-weight: 400;\">BAT beh\u00e4lt sich vor, das <\/span><i><span style=\"font-weight: 400;\">BAT<\/span><\/i> <i><span style=\"font-weight: 400;\">Club <\/span><\/i><span style=\"font-weight: 400;\">Loyalty Program jederzeit nach alleinigem Ermessen zu beenden. Aus der Einstellung des <\/span><i><span style=\"font-weight: 400;\">BAT<\/span><\/i> <i><span style=\"font-weight: 400;\">Club <\/span><\/i><span style=\"font-weight: 400;\">Loyalty Programs kann keinerlei Anspruch auf Entsch\u00e4digung jedweder Art abgeleitet werden. Weder entstehen Anspr\u00fcche, noch k\u00f6nnen Leistungen verlangt werden. Des Weiteren weisen wir jede Verantwortung f\u00fcr den Fall zur\u00fcck, dass die erfassten Daten in den Frageb\u00f6gen oder E-Mails der Teilnehmer von dem System nicht erkannt werden, oder allgemein f\u00fcr den Fall, dass technische Fehler oder andere Gr\u00fcnde die Teilnahme einer Person am <\/span><i><span style=\"font-weight: 400;\">BAT<\/span><\/i> <i><span style=\"font-weight: 400;\">Club <\/span><\/i><span style=\"font-weight: 400;\">Loyalty Program verhindern.<\/span><\/p>\r\n<p><span style=\"font-weight: 400;\">BAT beh\u00e4lt sich ebenfalls das Recht vor, Teilnehmer vom <\/span><i><span style=\"font-weight: 400;\">BAT<\/span><\/i> <i><span style=\"font-weight: 400;\">Club <\/span><\/i><span style=\"font-weight: 400;\">Loyalty Program auszuschliessen. Dies gilt insbesondere f\u00fcr Teilnehmer, die betr\u00fcgen oder den Versuch dazu unternehmen (beispielsweise durch das Anlegen falscher Teilnehmerkonten), die die Regeln manipulieren oder den Versuch dazu unternehmen oder die gegen diese Teilnahmebedingungen verstossen.<\/span><\/p>\r\n<ol start=\"4\">\r\n<li><span style=\"font-weight: 400;\"> Gew\u00e4hrleistungsausschluss<\/span><\/li>\r\n<\/ol>\r\n<p><span style=\"font-weight: 400;\">BAT lehnt jegliche Verantwortung oder Garantie ab in Bezug auf (i) das ordnungsgem\u00e4sse Funktionieren des <\/span><i><span style=\"font-weight: 400;\">BAT<\/span><\/i> <i><span style=\"font-weight: 400;\">Club <\/span><\/i><span style=\"font-weight: 400;\">Loyalty Programs bzw. der Anwendungen, (ii) die M\u00f6glichkeit, das <\/span><i><span style=\"font-weight: 400;\">BAT<\/span><\/i> <i><span style=\"font-weight: 400;\">Club <\/span><\/i><span style=\"font-weight: 400;\">Loyalty Program aufzurufen und zu benutzen, (iii) die Vollst\u00e4ndigkeit, Genauigkeit und Aktualit\u00e4t der Inhalte, Informationen oder Daten im <\/span><i><span style=\"font-weight: 400;\">BAT<\/span><\/i> <i><span style=\"font-weight: 400;\">Club <\/span><\/i><span style=\"font-weight: 400;\">Loyalty Program bzw. den Anwendungen, (iv) die Abwesenheit von Defekten im <\/span><i><span style=\"font-weight: 400;\">BAT<\/span><\/i> <i><span style=\"font-weight: 400;\">Club <\/span><\/i><span style=\"font-weight: 400;\">Loyalty Program bzw. den Anwendungen oder der dort vorhandenen Inhalte, und insbesondere in Bezug auf die Abwesenheit von Viren oder sonstiger Schadsoftware, und (v) in Bezug auf das Nichtvorhandensein besonderer Eigenschaften, die m\u00f6glicherweise in Verbindung mit dem <\/span><i><span style=\"font-weight: 400;\">BAT<\/span><\/i> <i><span style=\"font-weight: 400;\">Club <\/span><\/i><span style=\"font-weight: 400;\">Loyalty Program bzw. diesen Anwendungen oder deren Inhalten erwartet werden k\u00f6nnten.<\/span><\/p>\r\n<p><span style=\"font-weight: 400;\">Ruft ein Verbraucher das <\/span><i><span style=\"font-weight: 400;\">BAT<\/span><\/i> <i><span style=\"font-weight: 400;\">Club <\/span><\/i><span style=\"font-weight: 400;\">Loyalty Program bzw. Anwendungen auf, nimmt sie in Anspruch oder l\u00e4dt Inhalte von dort herunter, so erfolgt dies aus freien St\u00fccken und auf seine\/ihre eigene Gefahr.<\/span><\/p>\r\n<ol start=\"5\">\r\n<li><span style=\"font-weight: 400;\"> Immaterialg\u00fcterrechte<\/span><\/li>\r\n<\/ol>\r\n<p><span style=\"font-weight: 400;\">Die Verwendung des <\/span><i><span style=\"font-weight: 400;\">BAT<\/span><\/i> <i><span style=\"font-weight: 400;\">Club <\/span><\/i><span style=\"font-weight: 400;\">Loyalty Programs bedeutet nicht, dass Ihnen Lizenzrechte in Bezug auf die geistigen Eigentumsrechte am Inhalt dieser Website einger\u00e4umt werden.\u00a0<\/span><\/p>\r\n<p><span style=\"font-weight: 400;\">Das <\/span><i><span style=\"font-weight: 400;\">BAT<\/span><\/i> <i><span style=\"font-weight: 400;\">Club <\/span><\/i><span style=\"font-weight: 400;\">Loyalty Program sowie s\u00e4mtliche dort eingestellten Inhalte (insbesondere Software, Dateien, Designs, Grafiken und Daten) sind und bleiben Eigentum der British American Tobacco Switzerland AG und sind durch die entsprechenden Gesetze bez\u00fcglich geistiger Eigentumsrechte, einschliesslich Urheber- und Markenschutzrechte, gesch\u00fctzt. Jede unbefugte Benutzung dieser Website, insbesondere (i) die Benutzung dieser Website oder von deren Inhalten zu professionellen oder kommerziellen Zwecken jeglicher Art sowie (ii) die Reproduktion, Darstellung, Weitergabe an andere, Mitteilung, das in Umlauf bringen, die Verbreitung, Ver\u00e4nderung, Lizenzzuteilung, der Verkauf oder jegliche sonstige Verwertung dieser Website oder von deren Inhalten, Texten, Textteilen, statischen oder animierten Grafiken, Audiodaten, Software, Waren oder Dienstleistungen sowie sonstigen Daten oder Informationen, ist ohne die vorherige schriftlich Genehmigung durch BAT ausdr\u00fccklich untersagt. Verboten sind insbesondere Methoden wie Framing und Inline-linking des Inhalts dieser Website.\u00a0<\/span><\/p>\r\n<ol start=\"6\">\r\n<li><span style=\"font-weight: 400;\"> Datenschutz<\/span><\/li>\r\n<\/ol>\r\n<p><span style=\"font-weight: 400;\">Informationen im Zusammenhang mit der Sammlung und Verarbeitung Ihrer im Zuge Ihrer Nutzung dieser Website erfassten pers\u00f6nlichen Daten finden Sie in unseren Datenschutzrichtlinien.<\/span><\/p>\r\n<h2 class=\"wp-block-heading has-text-align-center\"><strong>\u00a0<\/strong><\/h2>\r\n<ol start=\"7\">\r\n<li><span style=\"font-weight: 400;\"> Kontakt<\/span><\/li>\r\n<\/ol>\r\n<p><span style=\"font-weight: 400;\">Allf\u00e4llige Fragen \u00fcber die Allgemeinen Gesch\u00e4ftsbedingungen bzw. unsere Datenschutzrichtlinien richten Sie bitte schriftlich an unsere folgende Adresse: Av. de Rhodanie 48, 1007 Lausanne.\u00a0<\/span><\/p>\r\n<ol start=\"8\">\r\n<li><span style=\"font-weight: 400;\"> Salvatorische Klausel<\/span><\/li>\r\n<\/ol>\r\n<p><span style=\"font-weight: 400;\">Sofern Bestimmungen dieser Allgemeinen Gesch\u00e4ftsbedingungen jetzt oder in der Zukunft in Teilen oder in G\u00e4nze nichtig sein sollten oder falls diese Allgemeinen Gesch\u00e4ftsbedingungen rechtliche L\u00fccken aufweisen sollten, bleiben die \u00fcbrigen Bestimmungen hiervon unber\u00fchrt und weiter uneingeschr\u00e4nkt in Kraft. Die anwendbaren gesetzlichen Regelungen treten an die Stelle der ung\u00fcltigen Bestimmungen dieser Allgemeinen Gesch\u00e4ftsbedingungen.\u00a0<\/span><\/p>\r\n<ol start=\"9\">\r\n<li><span style=\"font-weight: 400;\"> Geltendes Recht und Gerichtsstand<\/span><\/li>\r\n<\/ol>\r\n<p><span style=\"font-weight: 400;\">Die vorliegenden Gesch\u00e4ftsbedingungen unterliegen Schweizer Recht, mit Ausnahme der Kollisionsnormen, und sind entsprechend auszulegen. Der Gerichtsstand ist der Wohnort des Kunden, der in der Schweiz liegen muss.<\/span><\/p>\r\n\r\n\r\n","protected":false},"excerpt":{"rendered":"<p>Allgemeine Gesch\u00e4fts- und Teilnahmebedingungen Geltungsbereich Diese Allgemeinen Gesch\u00e4fts- und Teilnahmebedingungen gelten f\u00fcr die Benutzung des BAT Club Loyalty Program. Mit Ihrer Registrierung und Teilnahme am BAT Club Loyalty Program akzeptieren Sie diese Allgemeinen Gesch\u00e4ftsbedingungen. Wir behalten uns das Recht vor, diese Allgemeinen Gesch\u00e4fts- und Teilnahmebedingungen jederzeit zu erg\u00e4nzen und abzu\u00e4ndern. Zur Anwendung kommen diejenigen Allgemeinen [&hellip;]<\/p>\n","protected":false},"author":6,"featured_media":0,"parent":0,"menu_order":0,"comment_status":"closed","ping_status":"closed","template":"terms-template.php","meta":{"footnotes":""},"_links":{"self":[{"href":"https:\/\/landingpage.wecheer.io\/ch-batclub\/wp-json\/wp\/v2\/pages\/107"}],"collection":[{"href":"https:\/\/landingpage.wecheer.io\/ch-batclub\/wp-json\/wp\/v2\/pages"}],"about":[{"href":"https:\/\/landingpage.wecheer.io\/ch-batclub\/wp-json\/wp\/v2\/types\/page"}],"author":[{"embeddable":true,"href":"https:\/\/landingpage.wecheer.io\/ch-batclub\/wp-json\/wp\/v2\/users\/6"}],"replies":[{"embeddable":true,"href":"https:\/\/landingpage.wecheer.io\/ch-batclub\/wp-json\/wp\/v2\/comments?post=107"}],"version-history":[{"count":1,"href":"https:\/\/landingpage.wecheer.io\/ch-batclub\/wp-json\/wp\/v2\/pages\/107\/revisions"}],"predecessor-version":[{"id":295,"href":"https:\/\/landingpage.wecheer.io\/ch-batclub\/wp-json\/wp\/v2\/pages\/107\/revisions\/295"}],"wp:attachment":[{"href":"https:\/\/landingpage.wecheer.io\/ch-batclub\/wp-json\/wp\/v2\/media?parent=107"}],"curies":[{"name":"wp","href":"https:\/\/api.w.org\/{rel}","templated":true}]}}